{"id":1043,"date":"2017-02-20T08:03:46","date_gmt":"2017-02-20T08:03:46","guid":{"rendered":"http:\/\/mv-fuetzen.de\/?page_id=1043"},"modified":"2023-05-07T13:20:48","modified_gmt":"2023-05-07T13:20:48","slug":"musikverein-eintrach-fuetzen-e-v","status":"publish","type":"page","link":"https:\/\/mv-fuetzen.de\/?page_id=1043","title":{"rendered":"Musikverein &#8222;Eintracht&#8220; e.V. F\u00fctzen"},"content":{"rendered":"<p><strong>Gesamtmusik<\/strong><\/p>\n<p><img loading=\"lazy\" class=\"alignnone  wp-image-3010\" src=\"http:\/\/mv-fuetzen.de\/wp-content\/uploads\/2023\/04\/MVFuetzen_Vereinsbilder_2021_0234-scaled.jpg\" alt=\"\" width=\"485\" height=\"325\" srcset=\"https:\/\/mv-fuetzen.de\/wp-content\/uploads\/2023\/04\/MVFuetzen_Vereinsbilder_2021_0234-scaled.jpg 2560w, https:\/\/mv-fuetzen.de\/wp-content\/uploads\/2023\/04\/MVFuetzen_Vereinsbilder_2021_0234-300x201.jpg 300w, https:\/\/mv-fuetzen.de\/wp-content\/uploads\/2023\/04\/MVFuetzen_Vereinsbilder_2021_0234-1024x685.jpg 1024w, https:\/\/mv-fuetzen.de\/wp-content\/uploads\/2023\/04\/MVFuetzen_Vereinsbilder_2021_0234-768x514.jpg 768w, https:\/\/mv-fuetzen.de\/wp-content\/uploads\/2023\/04\/MVFuetzen_Vereinsbilder_2021_0234-1536x1028.jpg 1536w, https:\/\/mv-fuetzen.de\/wp-content\/uploads\/2023\/04\/MVFuetzen_Vereinsbilder_2021_0234-2048x1371.jpg 2048w, https:\/\/mv-fuetzen.de\/wp-content\/uploads\/2023\/04\/MVFuetzen_Vereinsbilder_2021_0234-555x372.jpg 555w, https:\/\/mv-fuetzen.de\/wp-content\/uploads\/2023\/04\/MVFuetzen_Vereinsbilder_2021_0234-500x335.jpg 500w, https:\/\/mv-fuetzen.de\/wp-content\/uploads\/2023\/04\/MVFuetzen_Vereinsbilder_2021_0234-1000x669.jpg 1000w\" sizes=\"(max-width: 485px) 100vw, 485px\" \/><\/p>\n<p>Bild aus dem Jahr 2022<\/p>\n<p>Wir sind ein Mittelstufenorchester mit 55 Musiker\/innen im Alter von 12-70 Jahren und proben jeden Freitag im F\u00fctzener Probelokal.<\/p>\n<p>Unser Repertoire beinhaltet sowohl moderne und konzertante Blasmusik, sowie Polkas und M\u00e4rsche.\u00a0 \u00dcber das Jahr verteilt haben wir verschiedene Auftritte, \u00fcber Unterhaltungsauftritte bis hin zum Jahreskonzert.<\/p>\n<p><strong>Randenmusikanten<\/strong><\/p>\n<p><img loading=\"lazy\" class=\"alignnone  wp-image-3062\" src=\"http:\/\/mv-fuetzen.de\/wp-content\/uploads\/2023\/05\/IMG_1743-scaled.jpeg\" alt=\"\" width=\"375\" height=\"282\" srcset=\"https:\/\/mv-fuetzen.de\/wp-content\/uploads\/2023\/05\/IMG_1743-scaled.jpeg 2560w, https:\/\/mv-fuetzen.de\/wp-content\/uploads\/2023\/05\/IMG_1743-300x225.jpeg 300w, https:\/\/mv-fuetzen.de\/wp-content\/uploads\/2023\/05\/IMG_1743-1024x768.jpeg 1024w, https:\/\/mv-fuetzen.de\/wp-content\/uploads\/2023\/05\/IMG_1743-768x576.jpeg 768w, https:\/\/mv-fuetzen.de\/wp-content\/uploads\/2023\/05\/IMG_1743-1536x1152.jpeg 1536w, https:\/\/mv-fuetzen.de\/wp-content\/uploads\/2023\/05\/IMG_1743-2048x1536.jpeg 2048w, https:\/\/mv-fuetzen.de\/wp-content\/uploads\/2023\/05\/IMG_1743-555x416.jpeg 555w, https:\/\/mv-fuetzen.de\/wp-content\/uploads\/2023\/05\/IMG_1743-500x375.jpeg 500w, https:\/\/mv-fuetzen.de\/wp-content\/uploads\/2023\/05\/IMG_1743-1000x750.jpeg 1000w\" sizes=\"(max-width: 375px) 100vw, 375px\" \/><br \/>\n(Tanzabteilung)<\/p>\n<p>Die Tanzmusik besteht im Grunde genommen aus den j\u00fcngeren und jung gebliebenen Musikern. Sie proben haupts\u00e4chlich f\u00fcr Auftritte, bei den das Tanzbein geschwungen werden kann. Aktiv geh\u00f6ren zu dieser Abteilung 14 Musiker.<\/p>\n","protected":false},"excerpt":{"rendered":"<p>Gesamtmusik Bild aus dem Jahr 2022 Wir sind ein Mittelstufenorchester mit 55 Musiker\/innen im Alter von 12-70 Jahren und proben jeden Freitag im F\u00fctzener Probelokal. Unser Repertoire beinhaltet sowohl moderne und konzertante Blasmusik, sowie Polkas und M\u00e4rsche.\u00a0 \u00dcber das Jahr verteilt haben wir verschiedene Auftritte, \u00fcber Unterhaltungsauftritte bis hin zum Jahreskonzert. Randenmusikanten (Tanzabteilung) Die Tanzmusik &hellip; <\/p>\n<p><a class=\"more-link btn\" href=\"https:\/\/mv-fuetzen.de\/?page_id=1043\">Weiterlesen<\/a><\/p>\n","protected":false},"author":1,"featured_media":0,"parent":0,"menu_order":0,"comment_status":"closed","ping_status":"closed","template":"","meta":{"_mi_skip_tracking":false},"_links":{"self":[{"href":"https:\/\/mv-fuetzen.de\/index.php?rest_route=\/wp\/v2\/pages\/1043"}],"collection":[{"href":"https:\/\/mv-fuetzen.de\/index.php?rest_route=\/wp\/v2\/pages"}],"about":[{"href":"https:\/\/mv-fuetzen.de\/index.php?rest_route=\/wp\/v2\/types\/page"}],"author":[{"embeddable":true,"href":"https:\/\/mv-fuetzen.de\/index.php?rest_route=\/wp\/v2\/users\/1"}],"replies":[{"embeddable":true,"href":"https:\/\/mv-fuetzen.de\/index.php?rest_route=%2Fwp%2Fv2%2Fcomments&post=1043"}],"version-history":[{"count":8,"href":"https:\/\/mv-fuetzen.de\/index.php?rest_route=\/wp\/v2\/pages\/1043\/revisions"}],"predecessor-version":[{"id":3064,"href":"https:\/\/mv-fuetzen.de\/index.php?rest_route=\/wp\/v2\/pages\/1043\/revisions\/3064"}],"wp:attachment":[{"href":"https:\/\/mv-fuetzen.de\/index.php?rest_route=%2Fwp%2Fv2%2Fmedia&parent=1043"}],"curies":[{"name":"wp","href":"https:\/\/api.w.org\/{rel}","templated":true}]}}