{"id":1046,"date":"2017-02-20T08:04:12","date_gmt":"2017-02-20T08:04:12","guid":{"rendered":"http:\/\/mv-fuetzen.de\/?page_id=1046"},"modified":"2023-10-07T12:26:40","modified_gmt":"2023-10-07T12:26:40","slug":"blaeserjugend-fuetzen-e-v","status":"publish","type":"page","link":"https:\/\/mv-fuetzen.de\/?page_id=1046","title":{"rendered":"Bl\u00e4serjugend F\u00fctzen e.V."},"content":{"rendered":"<p>Bl\u00e4serjugend im Jubil\u00e4umsjahr 2022<\/p>\n<p><a href=\"http:\/\/mv-fuetzen.de\/wp-content\/uploads\/2022\/02\/DSC_1417-scaled.jpg\"><img loading=\"lazy\" class=\"alignleft size-full wp-image-1664\" src=\"http:\/\/mv-fuetzen.de\/wp-content\/uploads\/2022\/02\/DSC_1417-scaled.jpg\" alt=\"\" width=\"2560\" height=\"1696\" srcset=\"https:\/\/mv-fuetzen.de\/wp-content\/uploads\/2022\/02\/DSC_1417-scaled.jpg 2560w, https:\/\/mv-fuetzen.de\/wp-content\/uploads\/2022\/02\/DSC_1417-scaled-500x331.jpg 500w, https:\/\/mv-fuetzen.de\/wp-content\/uploads\/2022\/02\/DSC_1417-scaled-1000x663.jpg 1000w, https:\/\/mv-fuetzen.de\/wp-content\/uploads\/2022\/02\/DSC_1417-300x199.jpg 300w, https:\/\/mv-fuetzen.de\/wp-content\/uploads\/2022\/02\/DSC_1417-1024x678.jpg 1024w, https:\/\/mv-fuetzen.de\/wp-content\/uploads\/2022\/02\/DSC_1417-768x509.jpg 768w, https:\/\/mv-fuetzen.de\/wp-content\/uploads\/2022\/02\/DSC_1417-1536x1017.jpg 1536w, https:\/\/mv-fuetzen.de\/wp-content\/uploads\/2022\/02\/DSC_1417-2048x1356.jpg 2048w, https:\/\/mv-fuetzen.de\/wp-content\/uploads\/2022\/02\/DSC_1417-972x644.jpg 972w\" sizes=\"(max-width: 2560px) 100vw, 2560px\" \/><\/a><br \/>\nDie<span style=\"color: #000000;\"> Jugendkapelle <\/span>ist haupts\u00e4chlich entstanden, damit man den &#8222;Z\u00f6glingen&#8220; das musizieren in einer Gruppe erlernt. Eigentlich ist man bis zur Vollendung des 25.-Lebensjahr offiziell Jugendlicher und kann in der Bl\u00e4serjugend mit musizieren.<\/p>\n<p><a href=\"http:\/\/mv-fuetzen.de\/?page_id=113\">Z\u00f6glinge<\/a><\/p>\n<p><a href=\"http:\/\/mv-fuetzen.de\/?page_id=113\">Blockfl\u00f6ten<\/a><\/p>\n<p><a href=\"http:\/\/mv-fuetzen.de\/?page_id=113\">Musikalische Fr\u00fcherziehung<\/a><\/p>\n","protected":false},"excerpt":{"rendered":"<p>Bl\u00e4serjugend im Jubil\u00e4umsjahr 2022 Die Jugendkapelle ist haupts\u00e4chlich entstanden, damit man den &#8222;Z\u00f6glingen&#8220; das musizieren in einer Gruppe erlernt. Eigentlich ist man bis zur Vollendung des 25.-Lebensjahr offiziell Jugendlicher und kann in der Bl\u00e4serjugend mit musizieren. Z\u00f6glinge Blockfl\u00f6ten Musikalische Fr\u00fcherziehung<\/p>\n","protected":false},"author":1,"featured_media":0,"parent":0,"menu_order":0,"comment_status":"closed","ping_status":"closed","template":"","meta":{"_mi_skip_tracking":false},"_links":{"self":[{"href":"https:\/\/mv-fuetzen.de\/index.php?rest_route=\/wp\/v2\/pages\/1046"}],"collection":[{"href":"https:\/\/mv-fuetzen.de\/index.php?rest_route=\/wp\/v2\/pages"}],"about":[{"href":"https:\/\/mv-fuetzen.de\/index.php?rest_route=\/wp\/v2\/types\/page"}],"author":[{"embeddable":true,"href":"https:\/\/mv-fuetzen.de\/index.php?rest_route=\/wp\/v2\/users\/1"}],"replies":[{"embeddable":true,"href":"https:\/\/mv-fuetzen.de\/index.php?rest_route=%2Fwp%2Fv2%2Fcomments&post=1046"}],"version-history":[{"count":4,"href":"https:\/\/mv-fuetzen.de\/index.php?rest_route=\/wp\/v2\/pages\/1046\/revisions"}],"predecessor-version":[{"id":3094,"href":"https:\/\/mv-fuetzen.de\/index.php?rest_route=\/wp\/v2\/pages\/1046\/revisions\/3094"}],"wp:attachment":[{"href":"https:\/\/mv-fuetzen.de\/index.php?rest_route=%2Fwp%2Fv2%2Fmedia&parent=1046"}],"curies":[{"name":"wp","href":"https:\/\/api.w.org\/{rel}","templated":true}]}}