{"id":1547,"date":"2022-01-11T16:37:55","date_gmt":"2022-01-11T16:37:55","guid":{"rendered":"http:\/\/mv-fuetzen.de\/?page_id=1547"},"modified":"2023-04-28T14:44:18","modified_gmt":"2023-04-28T14:44:18","slug":"termine-2022","status":"publish","type":"page","link":"https:\/\/mv-fuetzen.de\/?page_id=1547","title":{"rendered":"Termine 2022"},"content":{"rendered":"<h2>Termine 2022<\/h2>\n<h4><\/h4>\n<h4>M\u00e4rz<\/h4>\n<p>26. Mrz.\u00a0 \u00a0 \u00a0Festbankett anl\u00e4sslich der 150 Jahre Musikverein F\u00fctzen in der Buchberghalle F\u00fctzen<\/p>\n<h4>April<\/h4>\n<p>8. Apr.\u00a0 \u00a019.00 Uhr Generalversammlung Jugendkapelle<\/p>\n<p>9. Apr.\u00a0 \u00a020.00 Uhr Generalversammlung<\/p>\n<h4>Mai<\/h4>\n<p>(13. +) 14. Mai\u00a0 \u00a0 Zeltaufbau &#8211; Hauptzelt<\/p>\n<p>(20. +) 21. Mai\u00a0 \u00a0 Zeltaufbau &#8211; K\u00fcche &amp; Bar<\/p>\n<h5>25. &#8211; 29. Mai\u00a0 \u00a0 \u00a0<span style=\"color: #993366;\"> 150 Jahre MV F\u00fctzen &#8211; Bezirksmusikfest<\/span><\/h5>\n<p>30. Mai. 22 \u00a0\u00a0 \u00a0 \u00a0Zeltabbau<\/p>\n<h4>Juni<\/h4>\n<p>25. Jun.\u00a0 \u00a0 Hochzeit Luisa &amp; Lukas<\/p>\n<h4>Juli<\/h4>\n<p>3. Jul.\u00a0 \u00a0 Jubil\u00e4um MV Epfenhofen &#8211; Randenmusikannten<\/p>\n<p>8. oder 15. Juli 22\u00a0\u00a0Dorfhock<\/p>\n<h4>August<\/h4>\n<p>4. Aug.\u00a0 \u00a0Dorffest Ewattingen<\/p>\n<h4>Oktober<\/h4>\n<p>9. Okt.\u00a0 \u00a0 50. Wiechser Oktoberfest &#8211; Fr\u00fchschoppen<\/p>\n<p>14. + 16. Okt.\u00a0 \u00a0 \u00a0F\u00fctzener Oktoberfest<\/p>\n<h4><span style=\"text-align: left; color: #444444; text-transform: none; line-height: 18.66px; text-indent: 0px; letter-spacing: normal; font-family: Oswald,Arial,Helvetica,sans-serif; font-size: 16px; font-style: normal; font-variant: normal; text-decoration: none; word-spacing: 0px; display: inline !important; white-space: normal; word-wrap: break-word; orphans: 2; float: none; -webkit-text-stroke-width: 0px; background-color: transparent;\">November<\/span><\/h4>\n<p>12. + 13. Nov\u00a0 \u00a0Probewochenende<\/p>\n<p>26. Nov\u00a0 \u00a0 Konzert Buchberghalle mit Jugendkapelle<\/p>\n<h4><span style=\"text-align: left; color: #444444; text-transform: none; line-height: 18.66px; text-indent: 0px; letter-spacing: normal; font-family: Oswald,Arial,Helvetica,sans-serif; font-size: 16px; font-style: normal; font-variant: normal; text-decoration: none; word-spacing: 0px; display: inline !important; white-space: normal; word-wrap: break-word; orphans: 2; float: none; -webkit-text-stroke-width: 0px; background-color: transparent;\">Dezember<\/span><b><\/b><i><\/i><u><\/u><\/h4>\n<p>24.12.\u00a0 \u00a0Weihnachtsmusizieren &#8211; Juka<\/p>\n<p>26.12. Familiengottesdienst Juka<\/p>\n<h4><\/h4>\n","protected":false},"excerpt":{"rendered":"<p>Termine 2022 M\u00e4rz 26. Mrz.\u00a0 \u00a0 \u00a0Festbankett anl\u00e4sslich der 150 Jahre Musikverein F\u00fctzen in der Buchberghalle F\u00fctzen April 8. Apr.\u00a0 \u00a019.00 Uhr Generalversammlung Jugendkapelle 9. Apr.\u00a0 \u00a020.00 Uhr Generalversammlung Mai (13. +) 14. Mai\u00a0 \u00a0 Zeltaufbau &#8211; Hauptzelt (20. +) 21. Mai\u00a0 \u00a0 Zeltaufbau &#8211; K\u00fcche &amp; Bar 25. &#8211; 29. Mai\u00a0 \u00a0 \u00a0 150 &hellip; <\/p>\n<p><a class=\"more-link btn\" href=\"https:\/\/mv-fuetzen.de\/?page_id=1547\">Weiterlesen<\/a><\/p>\n","protected":false},"author":1,"featured_media":0,"parent":0,"menu_order":0,"comment_status":"closed","ping_status":"closed","template":"","meta":{"_mi_skip_tracking":false},"_links":{"self":[{"href":"https:\/\/mv-fuetzen.de\/index.php?rest_route=\/wp\/v2\/pages\/1547"}],"collection":[{"href":"https:\/\/mv-fuetzen.de\/index.php?rest_route=\/wp\/v2\/pages"}],"about":[{"href":"https:\/\/mv-fuetzen.de\/index.php?rest_route=\/wp\/v2\/types\/page"}],"author":[{"embeddable":true,"href":"https:\/\/mv-fuetzen.de\/index.php?rest_route=\/wp\/v2\/users\/1"}],"replies":[{"embeddable":true,"href":"https:\/\/mv-fuetzen.de\/index.php?rest_route=%2Fwp%2Fv2%2Fcomments&post=1547"}],"version-history":[{"count":2,"href":"https:\/\/mv-fuetzen.de\/index.php?rest_route=\/wp\/v2\/pages\/1547\/revisions"}],"predecessor-version":[{"id":1560,"href":"https:\/\/mv-fuetzen.de\/index.php?rest_route=\/wp\/v2\/pages\/1547\/revisions\/1560"}],"wp:attachment":[{"href":"https:\/\/mv-fuetzen.de\/index.php?rest_route=%2Fwp%2Fv2%2Fmedia&parent=1547"}],"curies":[{"name":"wp","href":"https:\/\/api.w.org\/{rel}","templated":true}]}}