{"id":1549,"date":"2022-01-17T20:34:03","date_gmt":"2022-01-17T20:34:03","guid":{"rendered":"http:\/\/mv-fuetzen.de\/?page_id=1549"},"modified":"2022-06-24T09:52:12","modified_gmt":"2022-06-24T09:52:12","slug":"bezirksmusikfest-2022","status":"publish","type":"page","link":"https:\/\/mv-fuetzen.de\/?page_id=1549","title":{"rendered":"Bezirksmusikfest 2022"},"content":{"rendered":"\n<div class=\"wp-block-query\"><ul class=\"wp-block-post-template\"><li><\/li><\/ul><\/div>\n\n\n<p>Der Musikverein \u201eEintracht\u201c e.V. F\u00fctzen feiert in diesem Jahr sein 150-j\u00e4hriges Jubil\u00e4um und die Bl\u00e4serjugend kann auf ihr 30-j\u00e4hriges Bestehen zur\u00fcckblicken. Dieses Doppeljubil\u00e4um feiern wir\u00a0<strong>vom 25. Mai bis 29. Mai 2022<\/strong>\u00a0verbunden mit dem Bezirksmusikfest des Arbeitsbezirkes 4 mit einem gro\u00dfen Zeltfest in F\u00fctzen. Optimistisch bez\u00fcglich der Corona-Situation blicken wir voller Vorfreude auf die anstehenden Festtage und sind getreu unserem Motto der \u00dcberzeugung \u201e\u2026 des wird brutal\u201c.<\/p>\n<p>Nach dem erfolgreichen Bezirksmusikfest im Jahr 2017 haben wir uns f\u00fcr ein \u00e4hnliches Programm entschieden. Der Festauftakt startet brutal mit einer 80er\/90er Party und als musikalischer H\u00f6hepunkt wird die Froschenkapelle bei uns im Festzelt so richtig brutal die Sa\u2026.Samstagabendliche Stimmung raus lassen. Das Highlight f\u00fcr unsere kleinsten wird das Kindermusical sein. Auch die traditionellen Programmpunkte kommen nicht zu kurz \u2013 Fassanstich, Wandertreff, Handwerkervesper und der gro\u00dfe Bezirksmusiktag mit Umzug und Gesamtchor.<\/p>\n<p>Infos zu den Top-Acts:<\/p>\n<p><strong>&#8222;Disco total (brutal) &#8211; 80er\/90er Party mit DJ Padi&#8220; am Mittwoch, den 25.05.2022:<\/strong><\/p>\n<p>Nach dem gro\u00dfen Erfolg am vergangen Jubil\u00e4um, werden wir auch in diesem Jahr mit DJ Padi und \u201eDisco Total (brutal) \u201c zu den ultimativen Hits aus den 80ern &amp; 90ern brutal abfeiern.<\/p>\n<p><img loading=\"lazy\" class=\"alignleft size-full wp-image-1667\" src=\"http:\/\/mv-fuetzen.de\/wp-content\/uploads\/2022\/02\/Flyer-Disco-Total-scaled.jpg\" alt=\"\" width=\"1222\" height=\"2560\" srcset=\"https:\/\/mv-fuetzen.de\/wp-content\/uploads\/2022\/02\/Flyer-Disco-Total-scaled.jpg 1222w, https:\/\/mv-fuetzen.de\/wp-content\/uploads\/2022\/02\/Flyer-Disco-Total-scaled-500x1047.jpg 500w, https:\/\/mv-fuetzen.de\/wp-content\/uploads\/2022\/02\/Flyer-Disco-Total-scaled-1000x2095.jpg 1000w, https:\/\/mv-fuetzen.de\/wp-content\/uploads\/2022\/02\/Flyer-Disco-Total-143x300.jpg 143w, https:\/\/mv-fuetzen.de\/wp-content\/uploads\/2022\/02\/Flyer-Disco-Total-489x1024.jpg 489w, https:\/\/mv-fuetzen.de\/wp-content\/uploads\/2022\/02\/Flyer-Disco-Total-768x1609.jpg 768w, https:\/\/mv-fuetzen.de\/wp-content\/uploads\/2022\/02\/Flyer-Disco-Total-733x1536.jpg 733w, https:\/\/mv-fuetzen.de\/wp-content\/uploads\/2022\/02\/Flyer-Disco-Total-977x2048.jpg 977w, https:\/\/mv-fuetzen.de\/wp-content\/uploads\/2022\/02\/Flyer-Disco-Total-972x2037.jpg 972w\" sizes=\"(max-width: 1222px) 100vw, 1222px\" \/><\/p>\n<p><strong>Brutaler Abend mit der Deienmooser Gretele Band am Freitag, den 27.05.2022<\/strong><strong>:<\/strong><\/p>\n<p>Im Anschluss an das Handwerkervesper wird die Deienmooser Gretele Band f\u00fcr brutale Stimmung und Unterhaltung sorgen.<\/p>\n<p><strong>Brutalster Abend: \u201eDirndl, Lederhose, Blasmusik \u2013 des isch brutal de Hit\u201c am Samstag, den 28.05.<\/strong><strong>20<\/strong><strong>22:<\/strong><\/p>\n<p>Eingeheizt wird dieser Abend mit brutalster Musik von unseren Freunden \u201eLiBrazzBronn\u201c bevor die Froschenkapelle das Festzelt zum Beben und damit zum brutalsten H\u00f6hepunkt des Festes bringt.<\/p>\n<p><img loading=\"lazy\" class=\"alignleft size-full wp-image-1668\" src=\"http:\/\/mv-fuetzen.de\/wp-content\/uploads\/2022\/02\/Flyer-Froschenkapelle-scaled.jpg\" alt=\"\" width=\"1223\" height=\"2560\" srcset=\"https:\/\/mv-fuetzen.de\/wp-content\/uploads\/2022\/02\/Flyer-Froschenkapelle-scaled.jpg 1223w, https:\/\/mv-fuetzen.de\/wp-content\/uploads\/2022\/02\/Flyer-Froschenkapelle-scaled-500x1047.jpg 500w, https:\/\/mv-fuetzen.de\/wp-content\/uploads\/2022\/02\/Flyer-Froschenkapelle-scaled-1000x2093.jpg 1000w, https:\/\/mv-fuetzen.de\/wp-content\/uploads\/2022\/02\/Flyer-Froschenkapelle-143x300.jpg 143w, https:\/\/mv-fuetzen.de\/wp-content\/uploads\/2022\/02\/Flyer-Froschenkapelle-489x1024.jpg 489w, https:\/\/mv-fuetzen.de\/wp-content\/uploads\/2022\/02\/Flyer-Froschenkapelle-768x1608.jpg 768w, https:\/\/mv-fuetzen.de\/wp-content\/uploads\/2022\/02\/Flyer-Froschenkapelle-734x1536.jpg 734w, https:\/\/mv-fuetzen.de\/wp-content\/uploads\/2022\/02\/Flyer-Froschenkapelle-978x2048.jpg 978w, https:\/\/mv-fuetzen.de\/wp-content\/uploads\/2022\/02\/Flyer-Froschenkapelle-972x2035.jpg 972w\" sizes=\"(max-width: 1223px) 100vw, 1223px\" \/><\/p>\n<p>Was die Froschenkapelle \u00fcber sich selbst erz\u00e4hlt:<\/p>\n<p>&#8222;Wir sind eine aus Radolfzell am Bodensee stammende Band, die sich aus ca. 25 Musikern zusammensetzt. Brass-Section, Drums, Gesang, E-Gitarre, E-Bass \u2013 unsere Besetzung entspricht mehr oder weniger einer klassischen Bl\u00e4sercombo. Musikalisch k\u00f6nnen wir davon jedoch so weit entfernt sein wie die durchschnittliche mitteleurop\u00e4ische Milchkuh vom Abitur.<\/p>\n<p>Bereits 1967 gegr\u00fcndet machte es sich schnell bezahlt, dass wir schon immer bereit waren f\u00fcr gute Stimmung eine dicke Lippe zu riskieren. Binnen k\u00fcrzester Zeit erspielten wir uns eine Art regionalen Kultstatus. Heute sind wir mit unserem handgemachten Blechblas-Irrsinn auf den gro\u00dfen Volksfesten im S\u00fcden der Republik ebenso zu Hause, wie auf den Festivalb\u00fchnen dieser Welt.<\/p>\n<p>Egal ob \u201cDeutsch-Schweizer Oktoberfest am Bodensee\u201d, \u201cBrass Wiesn Festival\u201d oder \u201cWoodstock der Blasmusik\u201d: Wir haben unglaublich Bock darauf, mit schmerzenden Lippen und scheppernden Schalltrichtern die feiernde Meute in Ekstase zu versetzen.<\/p>\n<p>Und dabei nehmen wir garantiert kein Blatt vor den Mund. Immer nach dem Motto: Denn Tr\u00fcbsal ist nicht alles was man Blasen kann!\u201c <a href=\"https:\/\/www.froschenkapelle.de\/\">(https:\/\/www.froschenkapelle.de\/)<\/a><\/p>\n<p dir=\"ltr\" style=\"font-family: sans-serif; line-height: 19px;\">\u00a0<\/p>","protected":false},"excerpt":{"rendered":"<p>Der Musikverein \u201eEintracht\u201c e.V. F\u00fctzen feiert in diesem Jahr sein 150-j\u00e4hriges Jubil\u00e4um und die Bl\u00e4serjugend kann auf ihr 30-j\u00e4hriges Bestehen zur\u00fcckblicken. Dieses Doppeljubil\u00e4um feiern wir\u00a0vom 25. Mai bis 29. Mai 2022\u00a0verbunden mit dem Bezirksmusikfest des Arbeitsbezirkes 4 mit einem gro\u00dfen Zeltfest in F\u00fctzen. Optimistisch bez\u00fcglich der Corona-Situation blicken wir voller Vorfreude auf die anstehenden Festtage &hellip; <\/p>\n<p><a class=\"more-link btn\" href=\"https:\/\/mv-fuetzen.de\/?page_id=1549\">Weiterlesen<\/a><\/p>\n","protected":false},"author":1,"featured_media":1528,"parent":1029,"menu_order":1,"comment_status":"closed","ping_status":"closed","template":"","meta":{"_mi_skip_tracking":false},"_links":{"self":[{"href":"https:\/\/mv-fuetzen.de\/index.php?rest_route=\/wp\/v2\/pages\/1549"}],"collection":[{"href":"https:\/\/mv-fuetzen.de\/index.php?rest_route=\/wp\/v2\/pages"}],"about":[{"href":"https:\/\/mv-fuetzen.de\/index.php?rest_route=\/wp\/v2\/types\/page"}],"author":[{"embeddable":true,"href":"https:\/\/mv-fuetzen.de\/index.php?rest_route=\/wp\/v2\/users\/1"}],"replies":[{"embeddable":true,"href":"https:\/\/mv-fuetzen.de\/index.php?rest_route=%2Fwp%2Fv2%2Fcomments&post=1549"}],"version-history":[{"count":16,"href":"https:\/\/mv-fuetzen.de\/index.php?rest_route=\/wp\/v2\/pages\/1549\/revisions"}],"predecessor-version":[{"id":2201,"href":"https:\/\/mv-fuetzen.de\/index.php?rest_route=\/wp\/v2\/pages\/1549\/revisions\/2201"}],"up":[{"embeddable":true,"href":"https:\/\/mv-fuetzen.de\/index.php?rest_route=\/wp\/v2\/pages\/1029"}],"wp:featuredmedia":[{"embeddable":true,"href":"https:\/\/mv-fuetzen.de\/index.php?rest_route=\/wp\/v2\/media\/1528"}],"wp:attachment":[{"href":"https:\/\/mv-fuetzen.de\/index.php?rest_route=%2Fwp%2Fv2%2Fmedia&parent=1549"}],"curies":[{"name":"wp","href":"https:\/\/api.w.org\/{rel}","templated":true}]}}